{"id":13,"date":"2015-01-27T11:54:55","date_gmt":"2015-01-27T11:54:55","guid":{"rendered":"http:\/\/avada.theme-fusion.com_demos\/travel\/?page_id=13"},"modified":"2020-05-12T15:14:11","modified_gmt":"2020-05-12T15:14:11","slug":"our-destinations","status":"publish","type":"page","link":"https:\/\/torturm.sommersdorf2.de\/?page_id=13","title":{"rendered":"Ferien in Franken"},"content":{"rendered":"<p><div class=\"fusion-fullwidth fullwidth-box fusion-builder-row-1 nonhundred-percent-fullwidth non-hundred-percent-height-scrolling\"  style='background-color: rgba(255,255,255,0);background-position: left top;background-repeat: no-repeat;padding-top:30px;padding-right:0px;padding-bottom:25px;padding-left:0px;border-top-width:0px;border-bottom-width:0px;border-color:#eae9e9;border-top-style:solid;border-bottom-style:solid;'><div class=\"fusion-builder-row fusion-row \"><div  class=\"fusion-layout-column fusion_builder_column fusion_builder_column_1_1 fusion-builder-column-0 fusion-one-full fusion-column-first fusion-column-last fusion-column-no-min-height 1_1\"  style='margin-top:0px;margin-bottom:0px;'><div class=\"fusion-column-wrapper\" style=\"padding: 0px 0px 0px 0px;background-position:left top;background-repeat:no-repeat;-webkit-background-size:cover;-moz-background-size:cover;-o-background-size:cover;background-size:cover;\"   data-bg-url=\"\"><div class=\"fusion-text\"><h1 style=\"text-align: center;\">FERIEN in FRANKEN<\/h1>\n<\/div><div class=\"fusion-sep-clear\"><\/div><div class=\"fusion-separator sep-single sep-solid\" style=\"border-color:#000000;border-top-width:1px;margin-left: auto;margin-right: auto;margin-top:;margin-bottom:40px;width:100%;max-width:170px;\"><\/div><div class=\"fusion-clearfix\"><\/div><\/div><\/div><\/div><\/div><div class=\"fusion-fullwidth fullwidth-box fusion-builder-row-2 nonhundred-percent-fullwidth non-hundred-percent-height-scrolling\"  style='background-color: rgba(255,255,255,0);background-position: left top;background-repeat: no-repeat;padding-top:80px;padding-right:0px;padding-bottom:80px;padding-left:0px;border-top-width:0px;border-bottom-width:0px;border-color:#eae9e9;border-top-style:solid;border-bottom-style:solid;'><div class=\"fusion-builder-row fusion-row \"><div  class=\"fusion-layout-column fusion_builder_column fusion_builder_column_2_5 fusion-builder-column-1 fusion-two-fifth fusion-column-first fusion-column-no-min-height 2_5\"  style='margin-top:0px;margin-bottom:0px;width:37.6%; margin-right: 4%;'><div class=\"fusion-column-wrapper\" style=\"padding: 0px 0px 0px 0px;background-position:left top;background-repeat:no-repeat;-webkit-background-size:cover;-moz-background-size:cover;-o-background-size:cover;background-size:cover;\"   data-bg-url=\"\"><span class=\"fusion-imageframe imageframe-none imageframe-1 hover-type-none\"><img loading=\"lazy\" decoding=\"async\" src=\"https:\/\/torturm.sommersdorf2.de\/wp-content\/uploads\/2020\/05\/Wald-300x225.jpg\" width=\"300\" height=\"225\" alt=\"\" title=\"Wald\" class=\"img-responsive wp-image-1288\" srcset=\"https:\/\/torturm.sommersdorf2.de\/wp-content\/uploads\/2020\/05\/Wald-200x150.jpg 200w, https:\/\/torturm.sommersdorf2.de\/wp-content\/uploads\/2020\/05\/Wald-400x300.jpg 400w, https:\/\/torturm.sommersdorf2.de\/wp-content\/uploads\/2020\/05\/Wald-600x450.jpg 600w, https:\/\/torturm.sommersdorf2.de\/wp-content\/uploads\/2020\/05\/Wald.jpg 800w\" sizes=\"auto, (max-width: 800px) 100vw, 600px\" \/><\/span><div class=\"fusion-clearfix\"><\/div><\/div><\/div><div  class=\"fusion-layout-column fusion_builder_column fusion_builder_column_3_5 fusion-builder-column-2 fusion-three-fifth fusion-column-last fusion-column-no-min-height 3_5\"  style='margin-top:0px;margin-bottom:0px;width:58.4%'><div class=\"fusion-column-wrapper\" style=\"padding: 0px 0px 0px -200px;background-position:left top;background-repeat:no-repeat;-webkit-background-size:cover;-moz-background-size:cover;-o-background-size:cover;background-size:cover;\"   data-bg-url=\"\"><div class=\"fusion-text\"><h2 style=\"text-align: left;\">Naturerlebnis Franken<\/h2>\n<p style=\"text-align: left;\">In der Region gibt es Natur in ihrer vielf\u00e4ltigsten Art: W\u00e4lder, Heide, Felder, romantische H\u00fcgellandschaften, Streuobst- und Wildblumenwiesen, B\u00e4che, Fl\u00fcsse, Seen, &#8230;<br \/>\nDas <strong>Fr\u00e4nkische Seenland<\/strong> mit Altm\u00fchlsee, kleinem und gro\u00dfem Brombachsee und dem Igelsbachsee l\u00e4dt zum Baden, Segeln oder Surfen ein. Bootfahren und Kanuwandern sind auf der sich ruhig durch ihr malerisches Tal schl\u00e4ngelnden Altm\u00fchl ein Erlebnis.<\/p>\n<p>Herrlich ist auch, das <strong>Altm\u00fchltal<\/strong> mit dem Rad oder zu Fu\u00df zu erwandern. Auch Reiten, Angeln oder Golf spielen ist m\u00f6glich.<br \/>\nNeben dem Badespass in Naturseen und Fl\u00fc\u00dfen gibt es auch mehrere Spa\u00dfb\u00e4der und Thermen zur Auswahl.<\/p>\n<\/div><div class=\"fusion-clearfix\"><\/div><\/div><\/div><\/div><\/div><div class=\"fusion-fullwidth fullwidth-box fusion-builder-row-3 nonhundred-percent-fullwidth non-hundred-percent-height-scrolling\"  style='background-color: rgba(226,226,226,0.97);background-position: left top;background-repeat: no-repeat;padding-top:80px;padding-right:0px;padding-bottom:80px;padding-left:0px;border-top-width:0px;border-bottom-width:0px;border-color:#eae9e9;border-top-style:solid;border-bottom-style:solid;'><div class=\"fusion-builder-row fusion-row \"><div  class=\"fusion-layout-column fusion_builder_column fusion_builder_column_3_5 fusion-builder-column-3 fusion-three-fifth fusion-column-first fusion-column-no-min-height 3_5\"  style='margin-top:0px;margin-bottom:0px;width:58.4%; margin-right: 4%;'><div class=\"fusion-column-wrapper\" style=\"padding: 0px 0px 0px 0px;background-position:left top;background-repeat:no-repeat;-webkit-background-size:cover;-moz-background-size:cover;-o-background-size:cover;background-size:cover;\"   data-bg-url=\"\"><div class=\"fusion-text\"><h2 style=\"text-align: right;\">St\u00e4dte, Burgen, Schl\u00f6sser<\/h2>\n<p style=\"text-align: right;\">Viele historische Orte an der <a href=\"https:\/\/www.romantischestrasse.de\" target=\"_blank\" rel=\"noopener noreferrer\">Romantischen Stra\u00dfe<\/a> und der <a href=\"https:\/\/www.burgenstrasse.de\" target=\"_blank\" rel=\"noopener noreferrer\">Burgenstra\u00dfe<\/a> wie z.B. <a href=\"http:\/\/www.wuerzburg.de\" target=\"_blank\" rel=\"noopener noreferrer\">W\u00fcrzburg<\/a>, <a href=\"https:\/\/www.rothenburg.de\" target=\"_blank\" rel=\"noopener noreferrer\">Rothenburg ob der Tauber<\/a>, <a href=\"https:\/\/www.dinkelsbuehl.de\" target=\"_blank\" rel=\"noopener noreferrer\">Dinkelsb\u00fchl<\/a>, <a href=\"https:\/\/www.feuchtwangen.de\" target=\"_blank\" rel=\"noopener noreferrer\">Feuchtwangen<\/a>, <a href=\"https:\/\/www.ansbach.de\" target=\"_blank\" rel=\"noopener noreferrer\">Ansbach<\/a>, <a href=\"https:\/\/www.noerdlingen.de\" target=\"_blank\" rel=\"noopener noreferrer\">N\u00f6rdlingen<\/a>, u.v.m. laden zu einem Ausflug ein. Dar\u00fcber hinaus gibt es unz\u00e4hlige verwunschene Burgen, Parks und Schl\u00f6sser wie z.B.: <a href=\"https:\/\/www.schloss-schillingsfuerst.de\" target=\"_blank\" rel=\"noopener noreferrer\">Schillingsf\u00fcrst<\/a>, <a href=\"https:\/\/pappenheim.de\/tourismus\" target=\"_blank\" rel=\"noopener noreferrer\">Pappenheim<\/a> oder <a href=\"https:\/\/www.dennenlohe.de\" target=\"_blank\" rel=\"noopener noreferrer\">Dennenlohe<\/a>, die es zu entdecken gilt.<\/p>\n<\/div><div class=\"fusion-clearfix\"><\/div><\/div><\/div><div  class=\"fusion-layout-column fusion_builder_column fusion_builder_column_2_5 fusion-builder-column-4 fusion-two-fifth fusion-column-last fusion-column-no-min-height 2_5\"  style='margin-top:0px;margin-bottom:0px;width:37.6%'><div class=\"fusion-column-wrapper\" style=\"padding: 0px 0px 0px 0px;background-position:left top;background-repeat:no-repeat;-webkit-background-size:cover;-moz-background-size:cover;-o-background-size:cover;background-size:cover;\"   data-bg-url=\"\"><span class=\"fusion-imageframe imageframe-none imageframe-2 hover-type-none\"><img loading=\"lazy\" decoding=\"async\" src=\"http:\/\/torturm.sommersdorf2.de\/wp-content\/uploads\/2019\/04\/P1020610.jpg\" width=\"2240\" height=\"1680\" alt=\"\" title=\"P1020610\" class=\"img-responsive wp-image-1106\" srcset=\"https:\/\/torturm.sommersdorf2.de\/wp-content\/uploads\/2019\/04\/P1020610-200x150.jpg 200w, https:\/\/torturm.sommersdorf2.de\/wp-content\/uploads\/2019\/04\/P1020610-400x300.jpg 400w, https:\/\/torturm.sommersdorf2.de\/wp-content\/uploads\/2019\/04\/P1020610-600x450.jpg 600w, https:\/\/torturm.sommersdorf2.de\/wp-content\/uploads\/2019\/04\/P1020610-800x600.jpg 800w, https:\/\/torturm.sommersdorf2.de\/wp-content\/uploads\/2019\/04\/P1020610-1200x900.jpg 1200w, https:\/\/torturm.sommersdorf2.de\/wp-content\/uploads\/2019\/04\/P1020610.jpg 2240w\" sizes=\"auto, (max-width: 800px) 100vw, 600px\" \/><\/span><div class=\"fusion-clearfix\"><\/div><\/div><\/div><\/div><\/div><div class=\"fusion-fullwidth fullwidth-box fusion-builder-row-4 nonhundred-percent-fullwidth non-hundred-percent-height-scrolling\"  style='background-color: rgba(255,255,255,0);background-position: left top;background-repeat: no-repeat;padding-top:80px;padding-right:0px;padding-bottom:80px;padding-left:0px;border-top-width:0px;border-bottom-width:0px;border-color:#eae9e9;border-top-style:solid;border-bottom-style:solid;'><div class=\"fusion-builder-row fusion-row \"><div  class=\"fusion-layout-column fusion_builder_column fusion_builder_column_2_5 fusion-builder-column-5 fusion-two-fifth fusion-column-first fusion-column-no-min-height 2_5\"  style='margin-top:0px;margin-bottom:0px;width:37.6%; margin-right: 4%;'><div class=\"fusion-column-wrapper\" style=\"padding: 0px 0px 0px 0px;background-position:left top;background-repeat:no-repeat;-webkit-background-size:cover;-moz-background-size:cover;-o-background-size:cover;background-size:cover;\"   data-bg-url=\"\"><span class=\"fusion-imageframe imageframe-none imageframe-3 hover-type-none\"><img loading=\"lazy\" decoding=\"async\" src=\"http:\/\/torturm.sommersdorf2.de\/wp-content\/uploads\/2019\/04\/DSC_1624.jpg\" width=\"4496\" height=\"3000\" alt=\"\" title=\"DSC_1624\" class=\"img-responsive wp-image-1107\" srcset=\"https:\/\/torturm.sommersdorf2.de\/wp-content\/uploads\/2019\/04\/DSC_1624-200x133.jpg 200w, https:\/\/torturm.sommersdorf2.de\/wp-content\/uploads\/2019\/04\/DSC_1624-400x267.jpg 400w, https:\/\/torturm.sommersdorf2.de\/wp-content\/uploads\/2019\/04\/DSC_1624-600x400.jpg 600w, https:\/\/torturm.sommersdorf2.de\/wp-content\/uploads\/2019\/04\/DSC_1624-800x534.jpg 800w, https:\/\/torturm.sommersdorf2.de\/wp-content\/uploads\/2019\/04\/DSC_1624-1200x801.jpg 1200w, https:\/\/torturm.sommersdorf2.de\/wp-content\/uploads\/2019\/04\/DSC_1624.jpg 4496w\" sizes=\"auto, (max-width: 800px) 100vw, 600px\" \/><\/span><div class=\"fusion-clearfix\"><\/div><\/div><\/div><div  class=\"fusion-layout-column fusion_builder_column fusion_builder_column_3_5 fusion-builder-column-6 fusion-three-fifth fusion-column-last fusion-column-no-min-height 3_5\"  style='margin-top:0px;margin-bottom:0px;width:58.4%'><div class=\"fusion-column-wrapper\" style=\"padding: 0px 0px 0px 0px;background-position:left top;background-repeat:no-repeat;-webkit-background-size:cover;-moz-background-size:cover;-o-background-size:cover;background-size:cover;\"   data-bg-url=\"\"><div class=\"fusion-text\"><h2 style=\"text-align: left;\">Fr\u00e4nkisches Freilandmuseum Bad Windsheim<\/h2>\n<p style=\"text-align: left;\">Eine weitere Attraktion ist das <a href=\"https:\/\/freilandmuseum.de\" target=\"_blank\" rel=\"noopener noreferrer\">Fr\u00e4nkische Freilandmuseum in Bad Windsheim<\/a>. Ein Rundgang ist wie eine Zeitreise durch 700 Jahre fr\u00e4nkische Alltagsgeschichte. \u00dcber 100 originalgetreu eingerichtete H\u00e4user zeigen, wie die l\u00e4ndliche Bev\u00f6lkerung in Franken damals gelebt und gearbeitet hat.<\/p>\n<\/div><div class=\"fusion-clearfix\"><\/div><\/div><\/div><\/div><\/div><div class=\"fusion-fullwidth fullwidth-box fusion-builder-row-5 nonhundred-percent-fullwidth non-hundred-percent-height-scrolling\"  style='background-color: rgba(226,226,226,0.97);background-position: left top;background-repeat: no-repeat;padding-top:80px;padding-right:0px;padding-bottom:80px;padding-left:0px;border-top-width:0px;border-bottom-width:0px;border-color:#eae9e9;border-top-style:solid;border-bottom-style:solid;'><div class=\"fusion-builder-row fusion-row \"><div  class=\"fusion-layout-column fusion_builder_column fusion_builder_column_3_5 fusion-builder-column-7 fusion-three-fifth fusion-column-first fusion-column-no-min-height 3_5\"  style='margin-top:0px;margin-bottom:0px;width:58.4%; margin-right: 4%;'><div class=\"fusion-column-wrapper\" style=\"padding: 0px 0px 0px 0px;background-position:left top;background-repeat:no-repeat;-webkit-background-size:cover;-moz-background-size:cover;-o-background-size:cover;background-size:cover;\"   data-bg-url=\"\"><div class=\"fusion-text\"><h2 style=\"text-align: left;\">Die fr\u00e4nkische Metropole<\/h2>\n<p style=\"text-align: left;\">Die fr\u00e4nkische <a href=\"https:\/\/www.nuernberg.de\" target=\"_blank\" rel=\"noopener noreferrer\">Metropole N\u00fcrnberg<\/a> mit Kaiserburg, herrlichem Tierpark mit Delphinlagune und einer breitgef\u00e4cherten Museumslandschaft wie dem Germanischen Nationalmuseum, dem Neuen Museum und der Kunsthalle, sowie unz\u00e4hligen alternativen Kunstforen ist ein kultureller Schmelztiegel mit einem breitgef\u00e4chertem Angebot:<\/p>\n<ul>\n<li style=\"text-align: left;\">Klassische Musik hochkar\u00e4tiger K\u00fcnstler, lebendige moderne Musikszene mit vielen Bands, &#8230;<\/li>\n<li style=\"text-align: left;\">Opernhaus, Ballett, Theater<\/li>\n<li style=\"text-align: left;\">Ausstellungen, Kunstakademie und Albrecht D\u00fcrer<\/li>\n<li style=\"text-align: left;\">Historisches Stadtdenkmal, Kirchen, Kaiserburg, Felseng\u00e4nge, &#8230;<\/li>\n<li style=\"text-align: left;\">Einkaufserlebnis<\/li>\n<li style=\"text-align: left;\">Christkindlesmarkt, Spargelmarkt, Wochenmarkt, \u2026.<\/li>\n<li style=\"text-align: left;\">Spielzeugstadt, Messestadt, Lebkuchenstadt, N\u00fcrnberger Bratwurststadt<\/li>\n<li style=\"text-align: left;\">Stadt des Reichparteitages mit Dokumentationszentrum, Reichsparteitagsgel\u00e4nde, Gedenkst\u00e4tte N\u00fcrnberger Prozesse<\/li>\n<li style=\"text-align: left;\">&#8230;.<\/li>\n<\/ul>\n<\/div><div class=\"fusion-clearfix\"><\/div><\/div><\/div><div  class=\"fusion-layout-column fusion_builder_column fusion_builder_column_2_5 fusion-builder-column-8 fusion-two-fifth fusion-column-last fusion-column-no-min-height 2_5\"  style='margin-top:0px;margin-bottom:0px;width:37.6%'><div class=\"fusion-column-wrapper\" style=\"padding: 0px 0px 0px 0px;background-position:left top;background-repeat:no-repeat;-webkit-background-size:cover;-moz-background-size:cover;-o-background-size:cover;background-size:cover;\"   data-bg-url=\"\"><span class=\"fusion-imageframe imageframe-none imageframe-4 hover-type-none\"><img loading=\"lazy\" decoding=\"async\" src=\"http:\/\/torturm.sommersdorf2.de\/wp-content\/uploads\/2019\/04\/1280px-Sinwellturm_-_Flickr_-_Stiller_Beobachter.jpg\" width=\"1280\" height=\"1282\" alt=\"\" title=\"OLYMPUS DIGITAL CAMERA\" class=\"img-responsive wp-image-1108\" srcset=\"https:\/\/torturm.sommersdorf2.de\/wp-content\/uploads\/2019\/04\/1280px-Sinwellturm_-_Flickr_-_Stiller_Beobachter-200x200.jpg 200w, https:\/\/torturm.sommersdorf2.de\/wp-content\/uploads\/2019\/04\/1280px-Sinwellturm_-_Flickr_-_Stiller_Beobachter-400x401.jpg 400w, https:\/\/torturm.sommersdorf2.de\/wp-content\/uploads\/2019\/04\/1280px-Sinwellturm_-_Flickr_-_Stiller_Beobachter-600x601.jpg 600w, https:\/\/torturm.sommersdorf2.de\/wp-content\/uploads\/2019\/04\/1280px-Sinwellturm_-_Flickr_-_Stiller_Beobachter-800x801.jpg 800w, https:\/\/torturm.sommersdorf2.de\/wp-content\/uploads\/2019\/04\/1280px-Sinwellturm_-_Flickr_-_Stiller_Beobachter-1200x1202.jpg 1200w, https:\/\/torturm.sommersdorf2.de\/wp-content\/uploads\/2019\/04\/1280px-Sinwellturm_-_Flickr_-_Stiller_Beobachter.jpg 1280w\" sizes=\"auto, (max-width: 800px) 100vw, 600px\" \/><\/span><div class=\"fusion-clearfix\"><\/div><\/div><\/div><\/div><\/div><div class=\"fusion-fullwidth fullwidth-box fusion-builder-row-6 nonhundred-percent-fullwidth non-hundred-percent-height-scrolling\"  style='background-color: rgba(255,255,255,0);background-position: left top;background-repeat: no-repeat;padding-top:80px;padding-right:0px;padding-bottom:80px;padding-left:0px;border-top-width:0px;border-bottom-width:0px;border-color:#eae9e9;border-top-style:solid;border-bottom-style:solid;'><div class=\"fusion-builder-row fusion-row \"><div  class=\"fusion-layout-column fusion_builder_column fusion_builder_column_2_5 fusion-builder-column-9 fusion-two-fifth fusion-column-first fusion-column-no-min-height 2_5\"  style='margin-top:0px;margin-bottom:0px;width:37.6%; margin-right: 4%;'><div class=\"fusion-column-wrapper\" style=\"padding: 0px 0px 0px 0px;background-position:left top;background-repeat:no-repeat;-webkit-background-size:cover;-moz-background-size:cover;-o-background-size:cover;background-size:cover;\"   data-bg-url=\"\"><span class=\"fusion-imageframe imageframe-none imageframe-5 hover-type-none\"><img loading=\"lazy\" decoding=\"async\" src=\"https:\/\/torturm.sommersdorf2.de\/wp-content\/uploads\/2020\/04\/Golfplatz-Sommersdorf-Rothenburg-Colmberg-Lichtenau-Ferienwohnung-Unterkunft-300x212.jpg\" width=\"300\" height=\"212\" alt=\"Golfplatz Sommersdorf Rothenburg Colmberg Lichtenau Ferienwohnung Unterkunft\" title=\"Golfplatz Sommersdorf Rothenburg Colmberg Lichtenau Ferienwohnung Unterkunft\" class=\"img-responsive wp-image-1230\" srcset=\"https:\/\/torturm.sommersdorf2.de\/wp-content\/uploads\/2020\/04\/Golfplatz-Sommersdorf-Rothenburg-Colmberg-Lichtenau-Ferienwohnung-Unterkunft-200x141.jpg 200w, https:\/\/torturm.sommersdorf2.de\/wp-content\/uploads\/2020\/04\/Golfplatz-Sommersdorf-Rothenburg-Colmberg-Lichtenau-Ferienwohnung-Unterkunft-400x283.jpg 400w, https:\/\/torturm.sommersdorf2.de\/wp-content\/uploads\/2020\/04\/Golfplatz-Sommersdorf-Rothenburg-Colmberg-Lichtenau-Ferienwohnung-Unterkunft-600x424.jpg 600w, https:\/\/torturm.sommersdorf2.de\/wp-content\/uploads\/2020\/04\/Golfplatz-Sommersdorf-Rothenburg-Colmberg-Lichtenau-Ferienwohnung-Unterkunft-800x566.jpg 800w, https:\/\/torturm.sommersdorf2.de\/wp-content\/uploads\/2020\/04\/Golfplatz-Sommersdorf-Rothenburg-Colmberg-Lichtenau-Ferienwohnung-Unterkunft-1200x849.jpg 1200w\" sizes=\"auto, (max-width: 800px) 100vw, 300px\" \/><\/span><div class=\"fusion-clearfix\"><\/div><\/div><\/div><div  class=\"fusion-layout-column fusion_builder_column fusion_builder_column_3_5 fusion-builder-column-10 fusion-three-fifth fusion-column-last fusion-column-no-min-height 3_5\"  style='margin-top:0px;margin-bottom:0px;width:58.4%'><div class=\"fusion-column-wrapper\" style=\"padding: 0px 0px 0px 0px;background-position:left top;background-repeat:no-repeat;-webkit-background-size:cover;-moz-background-size:cover;-o-background-size:cover;background-size:cover;\"   data-bg-url=\"\"><div class=\"fusion-text\"><h2 style=\"text-align: left;\">Golfclub Rothenburg, Colmberg und Lichtenau<\/h2>\n<p style=\"text-align: left;\">Golffans kommen auf ihre Kosten auf dem nur 15 Minuten entfernten<a href=\"https:\/\/www.gclichtenau.de\" target=\"_blank\" rel=\"noopener noreferrer\"> Lichtenauer Golfplatz<\/a>. Weitere interessante Golfpl\u00e4tze sind in <a href=\"https:\/\/www.golf-ansbach.de\" target=\"_blank\" rel=\"noopener noreferrer\">Colmberg<\/a>\u00a0und <a href=\"https:\/\/www.golfpark-rothenburg.de\" target=\"_blank\" rel=\"noopener noreferrer\">Rothenburg o.d.T.<\/a> zu finden.<\/p>\n<\/div><div class=\"fusion-clearfix\"><\/div><\/div><\/div><\/div><\/div><\/p>\n","protected":false},"excerpt":{"rendered":"","protected":false},"author":1,"featured_media":0,"parent":0,"menu_order":0,"comment_status":"closed","ping_status":"open","template":"100-width.php","meta":{"footnotes":""},"class_list":["post-13","page","type-page","status-publish","hentry"],"yoast_head":"<!-- This site is optimized with the Yoast SEO plugin v27.4 - https:\/\/yoast.com\/product\/yoast-seo-wordpress\/ -->\n<title>Ferien in Franken - Willkommen in Sommersdorf<\/title>\n<meta name=\"robots\" content=\"index, follow, max-snippet:-1, max-image-preview:large, max-video-preview:-1\" \/>\n<link rel=\"canonical\" href=\"https:\/\/torturm.sommersdorf2.de\/?page_id=13\" \/>\n<meta property=\"og:locale\" content=\"de_DE\" \/>\n<meta property=\"og:type\" content=\"article\" \/>\n<meta property=\"og:title\" content=\"Ferien in Franken - Willkommen in Sommersdorf\" \/>\n<meta property=\"og:url\" content=\"https:\/\/torturm.sommersdorf2.de\/?page_id=13\" \/>\n<meta property=\"og:site_name\" content=\"Willkommen in Sommersdorf\" \/>\n<meta property=\"article:modified_time\" content=\"2020-05-12T15:14:11+00:00\" \/>\n<meta name=\"twitter:card\" content=\"summary_large_image\" \/>\n<meta name=\"twitter:label1\" content=\"Gesch\u00e4tzte Lesezeit\" \/>\n\t<meta name=\"twitter:data1\" content=\"12\u00a0Minuten\" \/>\n<script type=\"application\/ld+json\" class=\"yoast-schema-graph\">{\"@context\":\"https:\\\/\\\/schema.org\",\"@graph\":[{\"@type\":\"WebPage\",\"@id\":\"https:\\\/\\\/torturm.sommersdorf2.de\\\/?page_id=13\",\"url\":\"https:\\\/\\\/torturm.sommersdorf2.de\\\/?page_id=13\",\"name\":\"Ferien in Franken - Willkommen in Sommersdorf\",\"isPartOf\":{\"@id\":\"https:\\\/\\\/torturm.sommersdorf2.de\\\/#website\"},\"datePublished\":\"2015-01-27T11:54:55+00:00\",\"dateModified\":\"2020-05-12T15:14:11+00:00\",\"breadcrumb\":{\"@id\":\"https:\\\/\\\/torturm.sommersdorf2.de\\\/?page_id=13#breadcrumb\"},\"inLanguage\":\"de\",\"potentialAction\":[{\"@type\":\"ReadAction\",\"target\":[\"https:\\\/\\\/torturm.sommersdorf2.de\\\/?page_id=13\"]}]},{\"@type\":\"BreadcrumbList\",\"@id\":\"https:\\\/\\\/torturm.sommersdorf2.de\\\/?page_id=13#breadcrumb\",\"itemListElement\":[{\"@type\":\"ListItem\",\"position\":1,\"name\":\"Startseite\",\"item\":\"https:\\\/\\\/torturm.sommersdorf2.de\\\/\"},{\"@type\":\"ListItem\",\"position\":2,\"name\":\"Ferien in Franken\"}]},{\"@type\":\"WebSite\",\"@id\":\"https:\\\/\\\/torturm.sommersdorf2.de\\\/#website\",\"url\":\"https:\\\/\\\/torturm.sommersdorf2.de\\\/\",\"name\":\"Willkommen in Sommersdorf\",\"description\":\"Torturm Sommersdorf\",\"publisher\":{\"@id\":\"https:\\\/\\\/torturm.sommersdorf2.de\\\/#organization\"},\"potentialAction\":[{\"@type\":\"SearchAction\",\"target\":{\"@type\":\"EntryPoint\",\"urlTemplate\":\"https:\\\/\\\/torturm.sommersdorf2.de\\\/?s={search_term_string}\"},\"query-input\":{\"@type\":\"PropertyValueSpecification\",\"valueRequired\":true,\"valueName\":\"search_term_string\"}}],\"inLanguage\":\"de\"},{\"@type\":\"Organization\",\"@id\":\"https:\\\/\\\/torturm.sommersdorf2.de\\\/#organization\",\"name\":\"Willkommen in Sommersdorf\",\"url\":\"https:\\\/\\\/torturm.sommersdorf2.de\\\/\",\"logo\":{\"@type\":\"ImageObject\",\"inLanguage\":\"de\",\"@id\":\"https:\\\/\\\/torturm.sommersdorf2.de\\\/#\\\/schema\\\/logo\\\/image\\\/\",\"url\":\"https:\\\/\\\/torturm.sommersdorf2.de\\\/wp-content\\\/uploads\\\/2021\\\/06\\\/DSC_3053-1.jpg\",\"contentUrl\":\"https:\\\/\\\/torturm.sommersdorf2.de\\\/wp-content\\\/uploads\\\/2021\\\/06\\\/DSC_3053-1.jpg\",\"width\":600,\"height\":900,\"caption\":\"Willkommen in Sommersdorf\"},\"image\":{\"@id\":\"https:\\\/\\\/torturm.sommersdorf2.de\\\/#\\\/schema\\\/logo\\\/image\\\/\"}}]}<\/script>\n<!-- \/ Yoast SEO plugin. -->","yoast_head_json":{"title":"Ferien in Franken - Willkommen in Sommersdorf","robots":{"index":"index","follow":"follow","max-snippet":"max-snippet:-1","max-image-preview":"max-image-preview:large","max-video-preview":"max-video-preview:-1"},"canonical":"https:\/\/torturm.sommersdorf2.de\/?page_id=13","og_locale":"de_DE","og_type":"article","og_title":"Ferien in Franken - Willkommen in Sommersdorf","og_url":"https:\/\/torturm.sommersdorf2.de\/?page_id=13","og_site_name":"Willkommen in Sommersdorf","article_modified_time":"2020-05-12T15:14:11+00:00","twitter_card":"summary_large_image","twitter_misc":{"Gesch\u00e4tzte Lesezeit":"12\u00a0Minuten"},"schema":{"@context":"https:\/\/schema.org","@graph":[{"@type":"WebPage","@id":"https:\/\/torturm.sommersdorf2.de\/?page_id=13","url":"https:\/\/torturm.sommersdorf2.de\/?page_id=13","name":"Ferien in Franken - Willkommen in Sommersdorf","isPartOf":{"@id":"https:\/\/torturm.sommersdorf2.de\/#website"},"datePublished":"2015-01-27T11:54:55+00:00","dateModified":"2020-05-12T15:14:11+00:00","breadcrumb":{"@id":"https:\/\/torturm.sommersdorf2.de\/?page_id=13#breadcrumb"},"inLanguage":"de","potentialAction":[{"@type":"ReadAction","target":["https:\/\/torturm.sommersdorf2.de\/?page_id=13"]}]},{"@type":"BreadcrumbList","@id":"https:\/\/torturm.sommersdorf2.de\/?page_id=13#breadcrumb","itemListElement":[{"@type":"ListItem","position":1,"name":"Startseite","item":"https:\/\/torturm.sommersdorf2.de\/"},{"@type":"ListItem","position":2,"name":"Ferien in Franken"}]},{"@type":"WebSite","@id":"https:\/\/torturm.sommersdorf2.de\/#website","url":"https:\/\/torturm.sommersdorf2.de\/","name":"Willkommen in Sommersdorf","description":"Torturm Sommersdorf","publisher":{"@id":"https:\/\/torturm.sommersdorf2.de\/#organization"},"potentialAction":[{"@type":"SearchAction","target":{"@type":"EntryPoint","urlTemplate":"https:\/\/torturm.sommersdorf2.de\/?s={search_term_string}"},"query-input":{"@type":"PropertyValueSpecification","valueRequired":true,"valueName":"search_term_string"}}],"inLanguage":"de"},{"@type":"Organization","@id":"https:\/\/torturm.sommersdorf2.de\/#organization","name":"Willkommen in Sommersdorf","url":"https:\/\/torturm.sommersdorf2.de\/","logo":{"@type":"ImageObject","inLanguage":"de","@id":"https:\/\/torturm.sommersdorf2.de\/#\/schema\/logo\/image\/","url":"https:\/\/torturm.sommersdorf2.de\/wp-content\/uploads\/2021\/06\/DSC_3053-1.jpg","contentUrl":"https:\/\/torturm.sommersdorf2.de\/wp-content\/uploads\/2021\/06\/DSC_3053-1.jpg","width":600,"height":900,"caption":"Willkommen in Sommersdorf"},"image":{"@id":"https:\/\/torturm.sommersdorf2.de\/#\/schema\/logo\/image\/"}}]}},"_links":{"self":[{"href":"https:\/\/torturm.sommersdorf2.de\/index.php?rest_route=\/wp\/v2\/pages\/13","targetHints":{"allow":["GET"]}}],"collection":[{"href":"https:\/\/torturm.sommersdorf2.de\/index.php?rest_route=\/wp\/v2\/pages"}],"about":[{"href":"https:\/\/torturm.sommersdorf2.de\/index.php?rest_route=\/wp\/v2\/types\/page"}],"author":[{"embeddable":true,"href":"https:\/\/torturm.sommersdorf2.de\/index.php?rest_route=\/wp\/v2\/users\/1"}],"replies":[{"embeddable":true,"href":"https:\/\/torturm.sommersdorf2.de\/index.php?rest_route=%2Fwp%2Fv2%2Fcomments&post=13"}],"version-history":[{"count":39,"href":"https:\/\/torturm.sommersdorf2.de\/index.php?rest_route=\/wp\/v2\/pages\/13\/revisions"}],"predecessor-version":[{"id":1294,"href":"https:\/\/torturm.sommersdorf2.de\/index.php?rest_route=\/wp\/v2\/pages\/13\/revisions\/1294"}],"wp:attachment":[{"href":"https:\/\/torturm.sommersdorf2.de\/index.php?rest_route=%2Fwp%2Fv2%2Fmedia&parent=13"}],"curies":[{"name":"wp","href":"https:\/\/api.w.org\/{rel}","templated":true}]}}